{"id":25,"date":"2025-12-16T17:59:16","date_gmt":"2025-12-16T17:59:16","guid":{"rendered":"https:\/\/tabithamukamusoni.com\/?page_id=25"},"modified":"2025-12-16T17:59:17","modified_gmt":"2025-12-16T17:59:17","slug":"podcasts","status":"publish","type":"page","link":"https:\/\/tabithamukamusoni.com\/?page_id=25","title":{"rendered":"Podcasts"},"content":{"rendered":"\n<p>Conversations, interviews et s\u00e9ries audio auxquelles je participe, que ce soit comme animatrice, invit\u00e9e ou collaboratrice.<\/p>\n\n\n\n<h2 class=\"wp-block-heading\">Podcasts anim\u00e9s par Tabitha Mukamusoni<\/h2>\n\n\n\n<p><em>Regards citoyens<\/em><\/p>\n\n\n\n<p><em>Super Soul Afrique<\/em><\/p>\n\n\n\n<p><em>Conversations avec la diaspora<\/em><\/p>\n\n\n\n<h2 class=\"wp-block-heading\">Podcasts o\u00f9 je suis invit\u00e9e<\/h2>\n\n\n\n<p>Entretiens internationaux sur l\u2019actualit\u00e9 en Afrique<\/p>\n\n\n\n<p>Voix communautaires et s\u00e9curit\u00e9 locale<\/p>\n\n\n\n<p>Analyse diplomatique et enjeux sociaux<\/p>\n\n\n\n<h3 class=\"wp-block-heading\">Collaborations et projets sp\u00e9ciaux<\/h3>\n\n\n\n<p><em>Projets \u00e9ducatifs et documentaires<\/em><\/p>\n\n\n\n<p><em>Initiatives m\u00e9diatiques en partenariat avec RCMonde<\/em><\/p>\n\n\n\n<p><em>Conversations avec la diaspora<\/em><\/p>\n","protected":false},"excerpt":{"rendered":"<p>Conversations, interviews et s\u00e9ries audio auxquelles je participe, que ce soit comme animatrice, invit\u00e9e ou collaboratrice. Podcasts anim\u00e9s par Tabitha Mukamusoni Regards citoyens Super Soul Afrique Conversations avec la diaspora Podcasts o\u00f9 je suis invit\u00e9e Entretiens internationaux sur l\u2019actualit\u00e9 en Afrique Voix communautaires et s\u00e9curit\u00e9 locale Analyse diplomatique et enjeux sociaux Collaborations et projets sp\u00e9ciaux [&hellip;]<\/p>\n","protected":false},"author":1,"featured_media":0,"parent":0,"menu_order":0,"comment_status":"closed","ping_status":"closed","template":"","meta":{"footnotes":""},"class_list":["post-25","page","type-page","status-publish","hentry"],"yoast_head":"<!-- This site is optimized with the Yoast SEO plugin v27.4 - https:\/\/yoast.com\/product\/yoast-seo-wordpress\/ -->\n<title>Podcasts - TabithaMukamusoni.com<\/title>\n<meta name=\"robots\" content=\"index, follow, max-snippet:-1, max-image-preview:large, max-video-preview:-1\" \/>\n<link rel=\"canonical\" href=\"https:\/\/tabithamukamusoni.com\/?page_id=25\" \/>\n<meta property=\"og:locale\" content=\"en_US\" \/>\n<meta property=\"og:type\" content=\"article\" \/>\n<meta property=\"og:title\" content=\"Podcasts - TabithaMukamusoni.com\" \/>\n<meta property=\"og:description\" content=\"Conversations, interviews et s\u00e9ries audio auxquelles je participe, que ce soit comme animatrice, invit\u00e9e ou collaboratrice. Podcasts anim\u00e9s par Tabitha Mukamusoni Regards citoyens Super Soul Afrique Conversations avec la diaspora Podcasts o\u00f9 je suis invit\u00e9e Entretiens internationaux sur l\u2019actualit\u00e9 en Afrique Voix communautaires et s\u00e9curit\u00e9 locale Analyse diplomatique et enjeux sociaux Collaborations et projets sp\u00e9ciaux [&hellip;]\" \/>\n<meta property=\"og:url\" content=\"https:\/\/tabithamukamusoni.com\/?page_id=25\" \/>\n<meta property=\"og:site_name\" content=\"TabithaMukamusoni.com\" \/>\n<meta property=\"article:modified_time\" content=\"2025-12-16T17:59:17+00:00\" \/>\n<meta name=\"twitter:card\" content=\"summary_large_image\" \/>\n<script type=\"application\/ld+json\" class=\"yoast-schema-graph\">{\"@context\":\"https:\\\/\\\/schema.org\",\"@graph\":[{\"@type\":\"WebPage\",\"@id\":\"https:\\\/\\\/tabithamukamusoni.com\\\/?page_id=25\",\"url\":\"https:\\\/\\\/tabithamukamusoni.com\\\/?page_id=25\",\"name\":\"Podcasts - TabithaMukamusoni.com\",\"isPartOf\":{\"@id\":\"http:\\\/\\\/tabithamukamusoni.com\\\/#website\"},\"datePublished\":\"2025-12-16T17:59:16+00:00\",\"dateModified\":\"2025-12-16T17:59:17+00:00\",\"breadcrumb\":{\"@id\":\"https:\\\/\\\/tabithamukamusoni.com\\\/?page_id=25#breadcrumb\"},\"inLanguage\":\"en-US\",\"potentialAction\":[{\"@type\":\"ReadAction\",\"target\":[\"https:\\\/\\\/tabithamukamusoni.com\\\/?page_id=25\"]}]},{\"@type\":\"BreadcrumbList\",\"@id\":\"https:\\\/\\\/tabithamukamusoni.com\\\/?page_id=25#breadcrumb\",\"itemListElement\":[{\"@type\":\"ListItem\",\"position\":1,\"name\":\"Home\",\"item\":\"http:\\\/\\\/tabithamukamusoni.com\\\/\"},{\"@type\":\"ListItem\",\"position\":2,\"name\":\"Podcasts\"}]},{\"@type\":\"WebSite\",\"@id\":\"http:\\\/\\\/tabithamukamusoni.com\\\/#website\",\"url\":\"http:\\\/\\\/tabithamukamusoni.com\\\/\",\"name\":\"TabithaMukamusoni.com\",\"description\":\"\",\"potentialAction\":[{\"@type\":\"SearchAction\",\"target\":{\"@type\":\"EntryPoint\",\"urlTemplate\":\"http:\\\/\\\/tabithamukamusoni.com\\\/?s={search_term_string}\"},\"query-input\":{\"@type\":\"PropertyValueSpecification\",\"valueRequired\":true,\"valueName\":\"search_term_string\"}}],\"inLanguage\":\"en-US\"}]}<\/script>\n<!-- \/ Yoast SEO plugin. -->","yoast_head_json":{"title":"Podcasts - TabithaMukamusoni.com","robots":{"index":"index","follow":"follow","max-snippet":"max-snippet:-1","max-image-preview":"max-image-preview:large","max-video-preview":"max-video-preview:-1"},"canonical":"https:\/\/tabithamukamusoni.com\/?page_id=25","og_locale":"en_US","og_type":"article","og_title":"Podcasts - TabithaMukamusoni.com","og_description":"Conversations, interviews et s\u00e9ries audio auxquelles je participe, que ce soit comme animatrice, invit\u00e9e ou collaboratrice. Podcasts anim\u00e9s par Tabitha Mukamusoni Regards citoyens Super Soul Afrique Conversations avec la diaspora Podcasts o\u00f9 je suis invit\u00e9e Entretiens internationaux sur l\u2019actualit\u00e9 en Afrique Voix communautaires et s\u00e9curit\u00e9 locale Analyse diplomatique et enjeux sociaux Collaborations et projets sp\u00e9ciaux [&hellip;]","og_url":"https:\/\/tabithamukamusoni.com\/?page_id=25","og_site_name":"TabithaMukamusoni.com","article_modified_time":"2025-12-16T17:59:17+00:00","twitter_card":"summary_large_image","schema":{"@context":"https:\/\/schema.org","@graph":[{"@type":"WebPage","@id":"https:\/\/tabithamukamusoni.com\/?page_id=25","url":"https:\/\/tabithamukamusoni.com\/?page_id=25","name":"Podcasts - TabithaMukamusoni.com","isPartOf":{"@id":"http:\/\/tabithamukamusoni.com\/#website"},"datePublished":"2025-12-16T17:59:16+00:00","dateModified":"2025-12-16T17:59:17+00:00","breadcrumb":{"@id":"https:\/\/tabithamukamusoni.com\/?page_id=25#breadcrumb"},"inLanguage":"en-US","potentialAction":[{"@type":"ReadAction","target":["https:\/\/tabithamukamusoni.com\/?page_id=25"]}]},{"@type":"BreadcrumbList","@id":"https:\/\/tabithamukamusoni.com\/?page_id=25#breadcrumb","itemListElement":[{"@type":"ListItem","position":1,"name":"Home","item":"http:\/\/tabithamukamusoni.com\/"},{"@type":"ListItem","position":2,"name":"Podcasts"}]},{"@type":"WebSite","@id":"http:\/\/tabithamukamusoni.com\/#website","url":"http:\/\/tabithamukamusoni.com\/","name":"TabithaMukamusoni.com","description":"","potentialAction":[{"@type":"SearchAction","target":{"@type":"EntryPoint","urlTemplate":"http:\/\/tabithamukamusoni.com\/?s={search_term_string}"},"query-input":{"@type":"PropertyValueSpecification","valueRequired":true,"valueName":"search_term_string"}}],"inLanguage":"en-US"}]}},"_links":{"self":[{"href":"https:\/\/tabithamukamusoni.com\/index.php?rest_route=\/wp\/v2\/pages\/25","targetHints":{"allow":["GET"]}}],"collection":[{"href":"https:\/\/tabithamukamusoni.com\/index.php?rest_route=\/wp\/v2\/pages"}],"about":[{"href":"https:\/\/tabithamukamusoni.com\/index.php?rest_route=\/wp\/v2\/types\/page"}],"author":[{"embeddable":true,"href":"https:\/\/tabithamukamusoni.com\/index.php?rest_route=\/wp\/v2\/users\/1"}],"replies":[{"embeddable":true,"href":"https:\/\/tabithamukamusoni.com\/index.php?rest_route=%2Fwp%2Fv2%2Fcomments&post=25"}],"version-history":[{"count":1,"href":"https:\/\/tabithamukamusoni.com\/index.php?rest_route=\/wp\/v2\/pages\/25\/revisions"}],"predecessor-version":[{"id":38,"href":"https:\/\/tabithamukamusoni.com\/index.php?rest_route=\/wp\/v2\/pages\/25\/revisions\/38"}],"wp:attachment":[{"href":"https:\/\/tabithamukamusoni.com\/index.php?rest_route=%2Fwp%2Fv2%2Fmedia&parent=25"}],"curies":[{"name":"wp","href":"https:\/\/api.w.org\/{rel}","templated":true}]}}